{"id":139028,"date":"2023-11-17T20:47:17","date_gmt":"2023-11-17T20:47:17","guid":{"rendered":"https:\/\/cgbjk2qvxcjbu2mqusah48nr9x70py.zeldda.com\/?page_id=139028"},"modified":"2024-10-30T01:39:54","modified_gmt":"2024-10-30T01:39:54","slug":"terms-conditions","status":"publish","type":"page","link":"https:\/\/zeldda.com\/fr\/terms-conditions\/","title":{"rendered":"Conditions g\u00e9n\u00e9rales"},"content":{"rendered":"<div data-elementor-type=\"wp-page\" data-elementor-id=\"139028\" class=\"elementor elementor-139028\" data-elementor-post-type=\"page\">\n\t\t\t\t\t\t<section class=\"elementor-section elementor-top-section elementor-element elementor-element-5e7ece0c elementor-section-boxed elementor-section-height-default elementor-section-height-default\" data-id=\"5e7ece0c\" data-element_type=\"section\" data-e-type=\"section\">\n\t\t\t\t\t\t<div class=\"elementor-container elementor-column-gap-default\">\n\t\t\t\t\t<div class=\"elementor-column elementor-col-100 elementor-top-column elementor-element elementor-element-3030fe80\" data-id=\"3030fe80\" data-element_type=\"column\" data-e-type=\"column\">\n\t\t\t<div class=\"elementor-widget-wrap elementor-element-populated\">\n\t\t\t\t\t\t<div class=\"elementor-element elementor-element-786d237 elementor-widget elementor-widget-heading\" data-id=\"786d237\" data-element_type=\"widget\" data-e-type=\"widget\" data-widget_type=\"heading.default\">\n\t\t\t\t<div class=\"elementor-widget-container\">\n\t\t\t\t\t<h2 class=\"elementor-heading-title elementor-size-default\">Termes &amp; Conditions<\/h2>\t\t\t\t<\/div>\n\t\t\t\t<\/div>\n\t\t\t\t<div class=\"elementor-element elementor-element-6b0cbcbf elementor-widget__width-initial elementor-widget elementor-widget-text-editor\" data-id=\"6b0cbcbf\" data-element_type=\"widget\" data-e-type=\"widget\" data-widget_type=\"text-editor.default\">\n\t\t\t\t<div class=\"elementor-widget-container\">\n\t\t\t\t\t\t\t\t\t<h1><span style=\"color: #0f73ee;\">Welcome to zeldda.com !<\/span><\/h1><p>Ces termes et conditions d\u00e9crivent les r\u00e8gles et r\u00e9glementations relatives \u00e0 l\u2019utilisation du site Web de Zeldda, situ\u00e9 \u00e0 l\u2019adresse zeldda.com.<\/p><p>En acc\u00e9dant \u00e0 ce site Web, nous supposons que vous acceptez ces termes et conditions. Ne continuez pas \u00e0 utiliser zeldda.com si vous n'acceptez pas tous les termes et conditions \u00e9nonc\u00e9s sur cette page.<\/p><p>La terminologie suivante s'applique aux pr\u00e9sentes conditions g\u00e9n\u00e9rales, \u00e0 la d\u00e9claration de confidentialit\u00e9 et \u00e0 l'avis de non-responsabilit\u00e9 ainsi qu'\u00e0 tous les accords : \u00ab Client \u00bb, \u00ab vous \u00bb et \u00ab votre \u00bb font r\u00e9f\u00e9rence \u00e0 vous, la personne connect\u00e9e \u00e0 ce site Web et conforme aux termes et conditions de la soci\u00e9t\u00e9. \u00ab La Soci\u00e9t\u00e9 \u00bb, \u00ab Nous-m\u00eames \u00bb, \u00ab Nous \u00bb, \u00ab Notre \u00bb et \u00ab Notre \u00bb font r\u00e9f\u00e9rence \u00e0 notre Soci\u00e9t\u00e9. \u00ab Partie \u00bb, \u00ab Parties \u00bb ou \u00ab Nous \u00bb d\u00e9signe \u00e0 la fois le Client et nous-m\u00eames.<\/p><p>Tous les termes font r\u00e9f\u00e9rence \u00e0 l'offre, \u00e0 l'acceptation et \u00e0 la prise en compte du paiement n\u00e9cessaire pour entreprendre le processus de notre assistance au Client de la mani\u00e8re la plus appropri\u00e9e dans le but expr\u00e8s de r\u00e9pondre aux besoins du Client en ce qui concerne la fourniture des services d\u00e9clar\u00e9s de la Soci\u00e9t\u00e9, conform\u00e9ment \u00e0 et sous r\u00e9serve de la loi en vigueur aux Pays-Bas. Toute utilisation de la terminologie ci-dessus ou d'autres mots au singulier, au pluriel, en majuscules et\/ou il\/elle ou eux, est consid\u00e9r\u00e9e comme interchangeable et donc comme faisant r\u00e9f\u00e9rence \u00e0 celle-ci.<\/p><h1><span style=\"color: #0f73ee;\">Cookies :<\/span><\/h1><p>Nous utilisons des cookies. En acc\u00e9dant \u00e0 zeldda.com, vous acceptez l'utilisation de cookies conform\u00e9ment \u00e0 la politique de confidentialit\u00e9 de Zeldda.<\/p><p>La plupart des sites Web interactifs utilisent des cookies pour nous permettre de r\u00e9cup\u00e9rer les d\u00e9tails de l'utilisateur \u00e0 chaque visite. Les cookies sont utilis\u00e9s par notre site Web pour activer la fonctionnalit\u00e9 de certaines zones afin de faciliter la t\u00e2che des personnes visitant notre site Web. Certains de nos partenaires affili\u00e9s\/publicitaires peuvent \u00e9galement utiliser des cookies.<\/p><h1><span style=\"color: #0f73ee;\">License :<\/span><\/h1><p>Unless otherwise stated,\u00a0Zeldda and\/or its licensors own the intellectual property rights for all material on zeldda.com. All intellectual property rights are reserved. You may access this from zeldda.com\u00a0for your own personal use subjected to restrictions set in these terms and conditions.<\/p><p><strong>Il ne faut pas:<\/strong><br \/>\u2022 Republier le mat\u00e9riel de zeldda.com<br \/>\u2022 Vendre, louer ou sous-licencier du mat\u00e9riel de zeldda.com<br \/>\u2022 Reproduire, dupliquer ou copier du mat\u00e9riel provenant de zeldda.com<br \/>\u2022 Redistribuer le contenu de\u00a0zeldda.com<\/p><p>Le pr\u00e9sent Accord d\u00e9butera \u00e0 la date du 30\/03\/2023.<\/p><p>Certaines parties de ce site Web offrent aux utilisateurs la possibilit\u00e9 de publier et d'\u00e9changer des opinions et des informations dans certaines zones du site Web. Zeldda ne filtre, ne modifie, ne publie ni n'examine les commentaires avant leur pr\u00e9sence sur le site Web. Les commentaires ne refl\u00e8tent pas les points de vue et opinions de Zeldda, de ses agents et\/ou de ses soci\u00e9t\u00e9s affili\u00e9es. Les commentaires refl\u00e8tent les points de vue et les opinions de la personne qui publie ses points de vue et ses opinions. Dans la mesure permise par les lois applicables, Zeldda ne sera pas responsable des commentaires ni de toute responsabilit\u00e9, dommage ou d\u00e9pense caus\u00e9 et\/ou subi \u00e0 la suite de toute utilisation et\/ou publication et\/ou apparition des commentaires sur ce site web.<\/p><p>Zelda se r\u00e9serve le droit de surveiller tous les commentaires et de supprimer tout commentaire qui peut \u00eatre consid\u00e9r\u00e9 comme inappropri\u00e9, offensant ou entra\u00eenant une violation des pr\u00e9sentes conditions g\u00e9n\u00e9rales.<\/p><h1><span style=\"color: #0f73ee;\">Vous garantissez et d\u00e9clarez que :<\/span><\/h1><p>\u2022 Vous avez le droit de publier les commentaires sur notre site Web et disposez de toutes les licences et consentements n\u00e9cessaires pour le faire ;<br \/>\u2022 Les commentaires n'empi\u00e8tent sur aucun droit de propri\u00e9t\u00e9 intellectuelle, y compris, sans limitation, les droits d'auteur, les brevets ou les marques d\u00e9pos\u00e9es de tiers ;<br \/>\u2022 Les commentaires ne contiennent aucun \u00e9l\u00e9ment diffamatoire, offensant, ind\u00e9cent ou autrement ill\u00e9gal qui constitue une atteinte \u00e0 la vie priv\u00e9e.<br \/>\u2022 Les commentaires ne seront pas utilis\u00e9s pour solliciter ou promouvoir des affaires ou des activit\u00e9s personnalis\u00e9es ou pr\u00e9senter des activit\u00e9s commerciales ou des activit\u00e9s ill\u00e9gales.<\/p><p>Par la pr\u00e9sente, vous accordez \u00e0 Zeldda une licence non exclusive pour utiliser, reproduire, \u00e9diter et autoriser d'autres personnes \u00e0 utiliser, reproduire et \u00e9diter n'importe lequel de vos commentaires sous toutes formes, formats ou supports.<\/p><h1><span style=\"color: #0f73ee;\">Liens hypertextes vers notre contenu :<\/span><\/h1><p><b>Les organisations suivantes peuvent cr\u00e9er des liens vers notre site Web sans autorisation \u00e9crite pr\u00e9alable :<\/b><\/p><p>\u2022 Organismes gouvernementaux;<br \/>\u2022 Moteurs de recherche;<br \/>\u2022 Organismes de presse ;<br \/>\u2022 Les distributeurs d'annuaires en ligne peuvent cr\u00e9er des liens vers notre site Web de la m\u00eame mani\u00e8re qu'ils cr\u00e9ent des hyperliens vers les sites Web d'autres entreprises r\u00e9pertori\u00e9es ;<br \/>\u2022 Entreprises accr\u00e9dit\u00e9es \u00e0 l'\u00e9chelle du syst\u00e8me, \u00e0 l'exception des organisations \u00e0 but non lucratif, des centres commerciaux caritatifs et des groupes de collecte de fonds caritatifs qui ne peuvent pas cr\u00e9er de lien hypertexte vers notre site Web.<\/p><p>Ces organisations peuvent cr\u00e9er des liens vers notre page d'accueil, vers des publications ou vers d'autres informations du site Web \u00e0 condition que le lien : (a) ne soit en aucun cas trompeur ; (b) n'implique pas faussement le parrainage, l'approbation ou l'approbation de la partie \u00e9tablissant le lien et de ses produits et\/ou services ; et (c) s\u2019inscrit dans le contexte du site de la partie \u00e9tablissant le lien.<\/p><p><b>Nous pouvons consid\u00e9rer et approuver d'autres demandes de liens \u00e9manant des types d'organisations suivants :<\/b><\/p><p>\u2022 sources d'informations connues des consommateurs et\/ou des entreprises ;<br \/>\u2022 les sites communautaires dot.com ;<br \/>\u2022 les associations ou autres groupes repr\u00e9sentant des \u0153uvres caritatives ;<br \/>\u2022 distributeurs d'annuaires en ligne ;<br \/>\u2022 portails Internet ;<br \/>\u2022 cabinets d'expertise comptable, d'avocats et de conseil ;<br \/>\u2022 les \u00e9tablissements d'enseignement et les associations professionnelles.<\/p><p>Nous approuverons les demandes de lien de ces organisations si nous d\u00e9cidons que : (a) le lien ne nous fera pas para\u00eetre d\u00e9favorable \u00e0 nous-m\u00eames ou \u00e0 nos entreprises accr\u00e9dit\u00e9es ; (b) l'organisation n'a aucun dossier n\u00e9gatif chez nous ; (c) le b\u00e9n\u00e9fice pour nous de la visibilit\u00e9 du lien hypertexte compense l'absence de Zeldda ; et (d) le lien se trouve dans le contexte d\u2019informations g\u00e9n\u00e9rales sur les ressources.<\/p><p>Ces organisations peuvent cr\u00e9er un lien vers notre page d'accueil \u00e0 condition que le lien : (a) ne soit en aucun cas trompeur ; (b) n'implique pas faussement le parrainage, l'approbation ou l'approbation de la partie \u00e9tablissant le lien et de ses produits ou services ; et (c) s\u2019inscrit dans le contexte du site de la partie \u00e9tablissant le lien.<br \/>Si vous \u00eates l'une des organisations r\u00e9pertori\u00e9es au paragraphe 2 ci-dessus et que vous souhaitez cr\u00e9er un lien vers notre site Web, vous devez nous en informer en envoyant un e-mail \u00e0 Zeldda. Veuillez inclure votre nom, le nom de votre organisation, vos coordonn\u00e9es ainsi que l'URL de votre site, une liste de toutes les URL \u00e0 partir desquelles vous avez l'intention de cr\u00e9er un lien vers notre site Web et une liste des URL de notre site vers lesquelles vous souhaitez cr\u00e9er un lien. lien. Attendez 2-3 semaines pour une r\u00e9ponse.<\/p><h1><span style=\"color: #0f73ee;\">Les organisations agr\u00e9\u00e9es peuvent cr\u00e9er des hyperliens vers notre site Web comme suit :<\/span><\/h1><p>\u2022 Par l'utilisation de notre d\u00e9nomination sociale ;<br \/>\u2022 En utilisant le localisateur de ressources uniforme auquel vous \u00eates li\u00e9 ;<br \/>\u2022 En utilisant toute autre description de notre site Web li\u00e9 \u00e0 celle-ci qui a du sens dans le contexte et le format du contenu sur le site de la partie \u00e9tablissant le lien.<\/p><p>Aucune utilisation du logo de Zeldda ou d'autres illustrations ne sera autoris\u00e9e pour la cr\u00e9ation de liens en l'absence d'un accord de licence de marque.<\/p><h1><span style=\"color: #0f73ee;\">iFrames :<\/span><\/h1><p>Sans approbation pr\u00e9alable ni autorisation \u00e9crite, vous ne pouvez pas cr\u00e9er de cadres autour de nos pages Web qui modifient de quelque mani\u00e8re que ce soit la pr\u00e9sentation visuelle ou l'apparence de notre site Web.<\/p><h1><span style=\"color: #0f73ee;\">Responsabilit\u00e9 du contenu :<\/span><\/h1><p>Nous ne serons pas tenus responsables de tout contenu apparaissant sur votre site Web. Vous acceptez de nous prot\u00e9ger et de nous d\u00e9fendre contre toutes r\u00e9clamations qui surgissent sur votre site Web. Aucun lien ne doit appara\u00eetre sur un site Web qui pourrait \u00eatre interpr\u00e9t\u00e9 comme diffamatoire, obsc\u00e8ne ou criminel, ou qui enfreint, viole d'une autre mani\u00e8re ou pr\u00e9conise la violation ou toute autre violation des droits de tiers.<\/p><h1><span style=\"color: #0f73ee;\">R\u00e9serve de droits :<\/span><\/h1><p>Nous nous r\u00e9servons le droit de vous demander de supprimer tous les liens ou tout lien particulier vers notre site Web. Vous acceptez de supprimer imm\u00e9diatement tous les liens vers notre site Web sur demande. Nous nous r\u00e9servons \u00e9galement le droit de modifier ces termes et conditions et sa politique de liaison \u00e0 tout moment. En cr\u00e9ant un lien continu vers notre site Web, vous acceptez d'\u00eatre li\u00e9 et de suivre ces termes et conditions de liaison.<\/p><h1><span style=\"color: #0f73ee;\">Suppression des liens de notre site Internet :<\/span><\/h1><p>Si vous trouvez un lien sur notre site Web qui est offensant pour quelque raison que ce soit, vous \u00eates libre de nous contacter et de nous en informer \u00e0 tout moment. Nous examinerons les demandes de suppression de liens, mais nous ne sommes pas oblig\u00e9s de vous r\u00e9pondre directement.<br \/>Nous ne garantissons pas que les informations pr\u00e9sentes sur ce site Web sont exactes, nous ne garantissons pas leur exhaustivit\u00e9 ou leur exactitude ; nous ne promettons pas non plus de garantir que le site Web reste disponible ou que le contenu du site Web est tenu \u00e0 jour.<\/p><h1><span style=\"color: #0f73ee;\">Clause de non-responsabilit\u00e9 :<\/span><\/h1><p>Dans la mesure permise par la loi applicable, nous excluons toutes les repr\u00e9sentations, garanties et conditions relatives \u00e0 notre site Web et \u00e0 l'utilisation de ce site Web. Rien dans cette clause de non-responsabilit\u00e9 :<br \/>\u2022 limiter ou exclure notre ou votre responsabilit\u00e9 en cas de d\u00e9c\u00e8s ou de blessures corporelles ;<br \/>\u2022 limiter ou exclure notre ou votre responsabilit\u00e9 en cas de fraude ou de fausse d\u00e9claration frauduleuse ;<br \/>\u2022 limiter l'une de nos ou vos responsabilit\u00e9s d'une mani\u00e8re qui n'est pas autoris\u00e9e par la loi applicable ;<br \/>\u2022 exclure toute de nos ou vos responsabilit\u00e9s qui ne peuvent pas \u00eatre exclues en vertu de la loi applicable.<\/p><p>Les limitations et interdictions de responsabilit\u00e9 d\u00e9finies dans cette section et ailleurs dans la pr\u00e9sente clause de non-responsabilit\u00e9 : (a) sont soumises au paragraphe pr\u00e9c\u00e9dent ; et (b) r\u00e9gissent toutes les responsabilit\u00e9s d\u00e9coulant de la clause de non-responsabilit\u00e9, y compris les responsabilit\u00e9s d\u00e9coulant du contrat, de la responsabilit\u00e9 d\u00e9lictuelle et de la violation d'une obligation l\u00e9gale.<\/p><p>Tant que le site Web ainsi que les informations et services propos\u00e9s sur le site Web sont fournis gratuitement, nous ne serons pas responsables de toute perte ou dommage de quelque nature que ce soit.<\/p>\t\t\t\t\t\t\t\t<\/div>\n\t\t\t\t<\/div>\n\t\t\t\t\t<\/div>\n\t\t<\/div>\n\t\t\t\t\t<\/div>\n\t\t<\/section>\n\t\t\t\t<\/div>","protected":false},"excerpt":{"rendered":"<p>Terms &amp; Conditions Welcome to zeldda.com ! These terms and conditions outline the rules and regulations for the use of Zeldda&#8217;s Website, located at zeldda.com. By accessing this website we assume you accept these terms and conditions. Do not continue to use zeldda.com\u00a0if you do not agree to take all of the terms and conditions [&hellip;]<\/p>","protected":false},"author":1,"featured_media":0,"parent":0,"menu_order":0,"comment_status":"closed","ping_status":"closed","template":"","meta":{"_acf_changed":false,"ocean_post_layout":"","ocean_both_sidebars_style":"","ocean_both_sidebars_content_width":0,"ocean_both_sidebars_sidebars_width":0,"ocean_sidebar":"0","ocean_second_sidebar":"0","ocean_disable_margins":"enable","ocean_add_body_class":"","ocean_shortcode_before_top_bar":"","ocean_shortcode_after_top_bar":"","ocean_shortcode_before_header":"","ocean_shortcode_after_header":"","ocean_has_shortcode":"","ocean_shortcode_after_title":"","ocean_shortcode_before_footer_widgets":"","ocean_shortcode_after_footer_widgets":"","ocean_shortcode_before_footer_bottom":"","ocean_shortcode_after_footer_bottom":"","ocean_display_top_bar":"default","ocean_display_header":"default","ocean_header_style":"","ocean_center_header_left_menu":"0","ocean_custom_header_template":"0","ocean_custom_logo":0,"ocean_custom_retina_logo":0,"ocean_custom_logo_max_width":0,"ocean_custom_logo_tablet_max_width":0,"ocean_custom_logo_mobile_max_width":0,"ocean_custom_logo_max_height":0,"ocean_custom_logo_tablet_max_height":0,"ocean_custom_logo_mobile_max_height":0,"ocean_header_custom_menu":"0","ocean_menu_typo_font_family":"0","ocean_menu_typo_font_subset":"","ocean_menu_typo_font_size":0,"ocean_menu_typo_font_size_tablet":0,"ocean_menu_typo_font_size_mobile":0,"ocean_menu_typo_font_size_unit":"px","ocean_menu_typo_font_weight":"","ocean_menu_typo_font_weight_tablet":"","ocean_menu_typo_font_weight_mobile":"","ocean_menu_typo_transform":"","ocean_menu_typo_transform_tablet":"","ocean_menu_typo_transform_mobile":"","ocean_menu_typo_line_height":0,"ocean_menu_typo_line_height_tablet":0,"ocean_menu_typo_line_height_mobile":0,"ocean_menu_typo_line_height_unit":"","ocean_menu_typo_spacing":0,"ocean_menu_typo_spacing_tablet":0,"ocean_menu_typo_spacing_mobile":0,"ocean_menu_typo_spacing_unit":"","ocean_menu_link_color":"","ocean_menu_link_color_hover":"","ocean_menu_link_color_active":"","ocean_menu_link_background":"","ocean_menu_link_hover_background":"","ocean_menu_link_active_background":"","ocean_menu_social_links_bg":"","ocean_menu_social_hover_links_bg":"","ocean_menu_social_links_color":"","ocean_menu_social_hover_links_color":"","ocean_disable_title":"default","ocean_disable_heading":"default","ocean_post_title":"","ocean_post_subheading":"","ocean_post_title_style":"","ocean_post_title_background_color":"","ocean_post_title_background":0,"ocean_post_title_bg_image_position":"","ocean_post_title_bg_image_attachment":"","ocean_post_title_bg_image_repeat":"","ocean_post_title_bg_image_size":"","ocean_post_title_height":0,"ocean_post_title_bg_overlay":0.5,"ocean_post_title_bg_overlay_color":"","ocean_disable_breadcrumbs":"default","ocean_breadcrumbs_color":"","ocean_breadcrumbs_separator_color":"","ocean_breadcrumbs_links_color":"","ocean_breadcrumbs_links_hover_color":"","ocean_display_footer_widgets":"default","ocean_display_footer_bottom":"default","ocean_custom_footer_template":"0","footnotes":""},"class_list":["post-139028","page","type-page","status-publish","hentry","entry","owp-thumbs-layout-horizontal","owp-btn-normal","owp-tabs-layout-horizontal","has-no-thumbnails"],"acf":[],"_links":{"self":[{"href":"https:\/\/zeldda.com\/fr\/wp-json\/wp\/v2\/pages\/139028","targetHints":{"allow":["GET"]}}],"collection":[{"href":"https:\/\/zeldda.com\/fr\/wp-json\/wp\/v2\/pages"}],"about":[{"href":"https:\/\/zeldda.com\/fr\/wp-json\/wp\/v2\/types\/page"}],"author":[{"embeddable":true,"href":"https:\/\/zeldda.com\/fr\/wp-json\/wp\/v2\/users\/1"}],"replies":[{"embeddable":true,"href":"https:\/\/zeldda.com\/fr\/wp-json\/wp\/v2\/comments?post=139028"}],"version-history":[{"count":8,"href":"https:\/\/zeldda.com\/fr\/wp-json\/wp\/v2\/pages\/139028\/revisions"}],"predecessor-version":[{"id":185268,"href":"https:\/\/zeldda.com\/fr\/wp-json\/wp\/v2\/pages\/139028\/revisions\/185268"}],"wp:attachment":[{"href":"https:\/\/zeldda.com\/fr\/wp-json\/wp\/v2\/media?parent=139028"}],"curies":[{"name":"wp","href":"https:\/\/api.w.org\/{rel}","templated":true}]}}