{"id":179409,"date":"2023-12-20T03:23:41","date_gmt":"2023-12-20T03:23:41","guid":{"rendered":"https:\/\/zeldda.com\/?page_id=179409"},"modified":"2024-12-28T05:53:36","modified_gmt":"2024-12-28T05:53:36","slug":"peephole-products","status":"publish","type":"page","link":"https:\/\/zeldda.com\/fr\/peephole-products\/","title":{"rendered":"Peephole Products"},"content":{"rendered":"<div data-elementor-type=\"wp-page\" data-elementor-id=\"179409\" class=\"elementor elementor-179409\" data-elementor-post-type=\"page\">\n\t\t\t\t<div class=\"elementor-element elementor-element-aeabe6d e-flex e-con-boxed e-con e-parent\" data-id=\"aeabe6d\" data-element_type=\"container\" data-e-type=\"container\">\n\t\t\t\t\t<div class=\"e-con-inner\">\n\t\t<div class=\"elementor-element elementor-element-4820b4ea e-con-full e-flex e-con e-child\" data-id=\"4820b4ea\" data-element_type=\"container\" data-e-type=\"container\">\n\t\t\t\t<div class=\"elementor-element elementor-element-1f4e5a3f elementor-widget elementor-widget-heading\" data-id=\"1f4e5a3f\" data-element_type=\"widget\" data-e-type=\"widget\" data-widget_type=\"heading.default\">\n\t\t\t\t<div class=\"elementor-widget-container\">\n\t\t\t\t\t<h1 class=\"elementor-heading-title elementor-size-default\">Peephole Products<\/h1>\t\t\t\t<\/div>\n\t\t\t\t<\/div>\n\t\t\t\t<div class=\"elementor-element elementor-element-142687ad elementor-widget elementor-widget-woolentor-curvy-product\" data-id=\"142687ad\" data-element_type=\"widget\" data-e-type=\"widget\" data-widget_type=\"woolentor-curvy-product.default\">\n\t\t\t\t<div class=\"elementor-widget-container\">\n\t\t\t\t\t     \n        <div class=\"ht-row ht-products woocommerce product\">\n\n                \n                    <!--Product Start-->\n            <div class=\"ht-product ht-col-lg-6 ht-col-md-6 ht-col-sm-6 ht-col-xs-12\">\n                <div class=\"wl_single-product-item wl_left-item\">\n                    <a href=\"https:\/\/zeldda.com\/fr\/shop\/195587\/925-sterling-silver-snowflake-necklace\/\" class=\"product-thumbnail\">\n                        <div class=\"images\">\n                            <img fetchpriority=\"high\" decoding=\"async\" width=\"247\" height=\"296\" src=\"https:\/\/zeldda.com\/wp-content\/uploads\/2024\/09\/Snowflake1-1-247x296.png\" class=\"attachment-woocommerce_thumbnail size-woocommerce_thumbnail\" alt=\"\" \/>                        <\/div>\n                    <\/a>\n                    <div class=\"product-content\">\n                        <div class=\"product-content-top\">\n                            <h6 class=\"title\"><a href=\"https:\/\/zeldda.com\/fr\/shop\/195587\/925-sterling-silver-snowflake-necklace\/\">Collier flocon de neige en argent 925 sterling avec image souvenir discr\u00e8te et personnalis\u00e9e en projection de judas.<\/a><\/h6>\n                            <div class=\"product-price\">\n                                <span class=\"new-price\">\n\t<span class=\"price\"><span class=\"woocommerce-Price-amount amount\"><bdi><span class=\"woocommerce-Price-currencySymbol\">&#36;<\/span>47.95<\/bdi><\/span><\/span>\n<\/span>\n                            <\/div>\n                                                        <p> <\/p>\n                            <div class=\"reading\">\n                                                            <\/div>\n                        <\/div>\n                        <ul class=\"action\">\n                            <li class=\"wl_cart\">\n                                <a href=\"https:\/\/zeldda.com\/fr\/shop\/195587\/925-sterling-silver-snowflake-necklace\/\" data-quantity=\"1\" class=\"action-item  add_to_cart_button\" data-product_id=\"195587\"><i aria-hidden=\"true\" class=\"fa fa-shopping-cart\"><\/i><\/a>\n                            <\/li>\n                            <li><div class=\"tooltip_no wishlist button-default yith-wcwl-add-to-wishlist add-to-wishlist-195587\"><div class=\"yith-wcwl-add-button show\"><a href=\"https:\/\/zeldda.com\/fr\/wishlist\/\" data-product-id=\"195587\" data-product-type=\"variable\" class=\"add_to_wishlist\" aria-label=\"Wishlist\" rel=\"nofollow\"><i class=\"sli sli-heart\"><\/i><span class=\"ht-product-action-tooltip\">Add to wishlist<\/span><\/a><i class=\"fa fa-spinner fa-pulse ajax-loading\" style=\"visibility:hidden\"><\/i><\/div><div class=\"yith-wcwl-wishlistaddedbrowse hide\" style=\"display:none;\"><a class=\"\" href=\"https:\/\/zeldda.com\/fr\/wishlist\/\" aria-label=\"Wishlist\" rel=\"nofollow\"><i class=\"sli sli-heart\"><\/i><span class=\"ht-product-action-tooltip\">Browse wishlist<\/span><\/a><\/div><div class=\"yith-wcwl-wishlistexistsbrowse hide\" style=\"display:none\"><a href=\"https:\/\/zeldda.com\/fr\/wishlist\/\" class=\"\" aria-label=\"Wishlist\" rel=\"nofollow\"><i class=\"sli sli-heart\"><\/i><span class=\"ht-product-action-tooltip\">Product added!<\/span><\/a><\/div><\/div><\/li>                                    \n                                                    <\/ul>\n                    <\/div>\n                <\/div>             \n            <\/div>\n            <!--Product End-->\n            \n                    <!--Product Start-->\n            <div class=\"ht-product ht-col-lg-6 ht-col-md-6 ht-col-sm-6 ht-col-xs-12\">\n                <div class=\"wl_single-product-item wl_left-item\">\n                    <a href=\"https:\/\/zeldda.com\/fr\/shop\/195635\/simple-braided-bracelet-peephole\/\" class=\"product-thumbnail\">\n                        <div class=\"images\">\n                            <img decoding=\"async\" width=\"247\" height=\"296\" src=\"https:\/\/zeldda.com\/wp-content\/uploads\/2024\/11\/O1CN01SztmBw1wigihfL3Ky_2207262346342-0-cib-1-247x296.jpg\" class=\"attachment-woocommerce_thumbnail size-woocommerce_thumbnail\" alt=\"\" \/>                        <\/div>\n                    <\/a>\n                    <div class=\"product-content\">\n                        <div class=\"product-content-top\">\n                            <h6 class=\"title\"><a href=\"https:\/\/zeldda.com\/fr\/shop\/195635\/simple-braided-bracelet-peephole\/\">Bracelet tress\u00e9 simple avec image souvenir discr\u00e8te et personnalis\u00e9e en projection judas.<\/a><\/h6>\n                            <div class=\"product-price\">\n                                <span class=\"new-price\">\n\t<span class=\"price\"><span class=\"woocommerce-Price-amount amount\"><bdi><span class=\"woocommerce-Price-currencySymbol\">&#36;<\/span>20.75<\/bdi><\/span><\/span>\n<\/span>\n                            <\/div>\n                                                        <p> <\/p>\n                            <div class=\"reading\">\n                                                            <\/div>\n                        <\/div>\n                        <ul class=\"action\">\n                            <li class=\"wl_cart\">\n                                <a href=\"https:\/\/zeldda.com\/fr\/shop\/195635\/simple-braided-bracelet-peephole\/\" data-quantity=\"1\" class=\"action-item  add_to_cart_button\" data-product_id=\"195635\"><i aria-hidden=\"true\" class=\"fa fa-shopping-cart\"><\/i><\/a>\n                            <\/li>\n                            <li><div class=\"tooltip_no wishlist button-default yith-wcwl-add-to-wishlist add-to-wishlist-195635\"><div class=\"yith-wcwl-add-button show\"><a href=\"https:\/\/zeldda.com\/fr\/wishlist\/\" data-product-id=\"195635\" data-product-type=\"variable\" class=\"add_to_wishlist\" aria-label=\"Wishlist\" rel=\"nofollow\"><i class=\"sli sli-heart\"><\/i><span class=\"ht-product-action-tooltip\">Add to wishlist<\/span><\/a><i class=\"fa fa-spinner fa-pulse ajax-loading\" style=\"visibility:hidden\"><\/i><\/div><div class=\"yith-wcwl-wishlistaddedbrowse hide\" style=\"display:none;\"><a class=\"\" href=\"https:\/\/zeldda.com\/fr\/wishlist\/\" aria-label=\"Wishlist\" rel=\"nofollow\"><i class=\"sli sli-heart\"><\/i><span class=\"ht-product-action-tooltip\">Browse wishlist<\/span><\/a><\/div><div class=\"yith-wcwl-wishlistexistsbrowse hide\" style=\"display:none\"><a href=\"https:\/\/zeldda.com\/fr\/wishlist\/\" class=\"\" aria-label=\"Wishlist\" rel=\"nofollow\"><i class=\"sli sli-heart\"><\/i><span class=\"ht-product-action-tooltip\">Product added!<\/span><\/a><\/div><\/div><\/li>                                    \n                                                    <\/ul>\n                    <\/div>\n                <\/div>             \n            <\/div>\n            <!--Product End-->\n            \n                    <!--Product Start-->\n            <div class=\"ht-product ht-col-lg-6 ht-col-md-6 ht-col-sm-6 ht-col-xs-12\">\n                <div class=\"wl_single-product-item wl_left-item\">\n                    <a href=\"https:\/\/zeldda.com\/fr\/shop\/195657\/photo-customization-peephole-bracelet\/\" class=\"product-thumbnail\">\n                        <div class=\"images\">\n                            <img decoding=\"async\" width=\"247\" height=\"296\" src=\"https:\/\/zeldda.com\/wp-content\/uploads\/2023\/11\/braided-rope2-247x296.png\" class=\"attachment-woocommerce_thumbnail size-woocommerce_thumbnail\" alt=\"\" \/>                        <\/div>\n                    <\/a>\n                    <div class=\"product-content\">\n                        <div class=\"product-content-top\">\n                            <h6 class=\"title\"><a href=\"https:\/\/zeldda.com\/fr\/shop\/195657\/photo-customization-peephole-bracelet\/\">Bracelet en corde tress\u00e9e r\u00e9glable fait \u00e0 la main avec une image souvenir personnalis\u00e9e discr\u00e8te en projection judas.<\/a><\/h6>\n                            <div class=\"product-price\">\n                                <span class=\"new-price\">\n\t<span class=\"price\"><span class=\"woocommerce-Price-amount amount\"><bdi><span class=\"woocommerce-Price-currencySymbol\">&#36;<\/span>25.45<\/bdi><\/span><\/span>\n<\/span>\n                            <\/div>\n                                                        <p> <\/p>\n                            <div class=\"reading\">\n                                                            <\/div>\n                        <\/div>\n                        <ul class=\"action\">\n                            <li class=\"wl_cart\">\n                                <a href=\"https:\/\/zeldda.com\/fr\/shop\/195657\/photo-customization-peephole-bracelet\/\" data-quantity=\"1\" class=\"action-item  add_to_cart_button\" data-product_id=\"195657\"><i aria-hidden=\"true\" class=\"fa fa-shopping-cart\"><\/i><\/a>\n                            <\/li>\n                            <li><div class=\"tooltip_no wishlist button-default yith-wcwl-add-to-wishlist add-to-wishlist-195657\"><div class=\"yith-wcwl-add-button show\"><a href=\"https:\/\/zeldda.com\/fr\/wishlist\/\" data-product-id=\"195657\" data-product-type=\"variable\" class=\"add_to_wishlist\" aria-label=\"Wishlist\" rel=\"nofollow\"><i class=\"sli sli-heart\"><\/i><span class=\"ht-product-action-tooltip\">Add to wishlist<\/span><\/a><i class=\"fa fa-spinner fa-pulse ajax-loading\" style=\"visibility:hidden\"><\/i><\/div><div class=\"yith-wcwl-wishlistaddedbrowse hide\" style=\"display:none;\"><a class=\"\" href=\"https:\/\/zeldda.com\/fr\/wishlist\/\" aria-label=\"Wishlist\" rel=\"nofollow\"><i class=\"sli sli-heart\"><\/i><span class=\"ht-product-action-tooltip\">Browse wishlist<\/span><\/a><\/div><div class=\"yith-wcwl-wishlistexistsbrowse hide\" style=\"display:none\"><a href=\"https:\/\/zeldda.com\/fr\/wishlist\/\" class=\"\" aria-label=\"Wishlist\" rel=\"nofollow\"><i class=\"sli sli-heart\"><\/i><span class=\"ht-product-action-tooltip\">Product added!<\/span><\/a><\/div><\/div><\/li>                                    \n                                                    <\/ul>\n                    <\/div>\n                <\/div>             \n            <\/div>\n            <!--Product End-->\n            \n                    <!--Product Start-->\n            <div class=\"ht-product ht-col-lg-6 ht-col-md-6 ht-col-sm-6 ht-col-xs-12\">\n                <div class=\"wl_single-product-item wl_left-item\">\n                    <a href=\"https:\/\/zeldda.com\/fr\/shop\/195712\/925-sterling-silver-vibrato-necklace\/\" class=\"product-thumbnail\">\n                        <div class=\"images\">\n                            <img loading=\"lazy\" decoding=\"async\" width=\"247\" height=\"296\" src=\"https:\/\/zeldda.com\/wp-content\/uploads\/2024\/09\/vibrato2-247x296.png\" class=\"attachment-woocommerce_thumbnail size-woocommerce_thumbnail\" alt=\"\" \/>                        <\/div>\n                    <\/a>\n                    <div class=\"product-content\">\n                        <div class=\"product-content-top\">\n                            <h6 class=\"title\"><a href=\"https:\/\/zeldda.com\/fr\/shop\/195712\/925-sterling-silver-vibrato-necklace\/\">Collier vibrato en argent 925 sterling avec image souvenir discr\u00e8te et personnalis\u00e9e en projection de judas.<\/a><\/h6>\n                            <div class=\"product-price\">\n                                <span class=\"new-price\">\n\t<span class=\"price\"><span class=\"woocommerce-Price-amount amount\"><bdi><span class=\"woocommerce-Price-currencySymbol\">&#36;<\/span>43.75<\/bdi><\/span><\/span>\n<\/span>\n                            <\/div>\n                                                        <p> <\/p>\n                            <div class=\"reading\">\n                                                            <\/div>\n                        <\/div>\n                        <ul class=\"action\">\n                            <li class=\"wl_cart\">\n                                <a href=\"https:\/\/zeldda.com\/fr\/shop\/195712\/925-sterling-silver-vibrato-necklace\/\" data-quantity=\"1\" class=\"action-item  add_to_cart_button\" data-product_id=\"195712\"><i aria-hidden=\"true\" class=\"fa fa-shopping-cart\"><\/i><\/a>\n                            <\/li>\n                            <li><div class=\"tooltip_no wishlist button-default yith-wcwl-add-to-wishlist add-to-wishlist-195712\"><div class=\"yith-wcwl-add-button show\"><a href=\"https:\/\/zeldda.com\/fr\/wishlist\/\" data-product-id=\"195712\" data-product-type=\"variable\" class=\"add_to_wishlist\" aria-label=\"Wishlist\" rel=\"nofollow\"><i class=\"sli sli-heart\"><\/i><span class=\"ht-product-action-tooltip\">Add to wishlist<\/span><\/a><i class=\"fa fa-spinner fa-pulse ajax-loading\" style=\"visibility:hidden\"><\/i><\/div><div class=\"yith-wcwl-wishlistaddedbrowse hide\" style=\"display:none;\"><a class=\"\" href=\"https:\/\/zeldda.com\/fr\/wishlist\/\" aria-label=\"Wishlist\" rel=\"nofollow\"><i class=\"sli sli-heart\"><\/i><span class=\"ht-product-action-tooltip\">Browse wishlist<\/span><\/a><\/div><div class=\"yith-wcwl-wishlistexistsbrowse hide\" style=\"display:none\"><a href=\"https:\/\/zeldda.com\/fr\/wishlist\/\" class=\"\" aria-label=\"Wishlist\" rel=\"nofollow\"><i class=\"sli sli-heart\"><\/i><span class=\"ht-product-action-tooltip\">Product added!<\/span><\/a><\/div><\/div><\/li>                                    \n                                                    <\/ul>\n                    <\/div>\n                <\/div>             \n            <\/div>\n            <!--Product End-->\n            \n                    <!--Product Start-->\n            <div class=\"ht-product ht-col-lg-6 ht-col-md-6 ht-col-sm-6 ht-col-xs-12\">\n                <div class=\"wl_single-product-item wl_left-item\">\n                    <a href=\"https:\/\/zeldda.com\/fr\/shop\/195732\/925-sterling-silver-simple-heart-necklace\/\" class=\"product-thumbnail\">\n                        <div class=\"images\">\n                            <img loading=\"lazy\" decoding=\"async\" width=\"247\" height=\"296\" src=\"https:\/\/zeldda.com\/wp-content\/uploads\/2024\/05\/heart-1-247x296.png\" class=\"attachment-woocommerce_thumbnail size-woocommerce_thumbnail\" alt=\"\" \/>                        <\/div>\n                    <\/a>\n                    <div class=\"product-content\">\n                        <div class=\"product-content-top\">\n                            <h6 class=\"title\"><a href=\"https:\/\/zeldda.com\/fr\/shop\/195732\/925-sterling-silver-simple-heart-necklace\/\">Collier c\u0153ur simple en argent 925 sterling avec image souvenir personnalis\u00e9e et discr\u00e8te en projection de judas.<\/a><\/h6>\n                            <div class=\"product-price\">\n                                <span class=\"new-price\">\n\t<span class=\"price\"><span class=\"woocommerce-Price-amount amount\"><bdi><span class=\"woocommerce-Price-currencySymbol\">&#36;<\/span>43.85<\/bdi><\/span><\/span>\n<\/span>\n                            <\/div>\n                                                        <p> <\/p>\n                            <div class=\"reading\">\n                                                            <\/div>\n                        <\/div>\n                        <ul class=\"action\">\n                            <li class=\"wl_cart\">\n                                <a href=\"https:\/\/zeldda.com\/fr\/shop\/195732\/925-sterling-silver-simple-heart-necklace\/\" data-quantity=\"1\" class=\"action-item  add_to_cart_button\" data-product_id=\"195732\"><i aria-hidden=\"true\" class=\"fa fa-shopping-cart\"><\/i><\/a>\n                            <\/li>\n                            <li><div class=\"tooltip_no wishlist button-default yith-wcwl-add-to-wishlist add-to-wishlist-195732\"><div class=\"yith-wcwl-add-button show\"><a href=\"https:\/\/zeldda.com\/fr\/wishlist\/\" data-product-id=\"195732\" data-product-type=\"variable\" class=\"add_to_wishlist\" aria-label=\"Wishlist\" rel=\"nofollow\"><i class=\"sli sli-heart\"><\/i><span class=\"ht-product-action-tooltip\">Add to wishlist<\/span><\/a><i class=\"fa fa-spinner fa-pulse ajax-loading\" style=\"visibility:hidden\"><\/i><\/div><div class=\"yith-wcwl-wishlistaddedbrowse hide\" style=\"display:none;\"><a class=\"\" href=\"https:\/\/zeldda.com\/fr\/wishlist\/\" aria-label=\"Wishlist\" rel=\"nofollow\"><i class=\"sli sli-heart\"><\/i><span class=\"ht-product-action-tooltip\">Browse wishlist<\/span><\/a><\/div><div class=\"yith-wcwl-wishlistexistsbrowse hide\" style=\"display:none\"><a href=\"https:\/\/zeldda.com\/fr\/wishlist\/\" class=\"\" aria-label=\"Wishlist\" rel=\"nofollow\"><i class=\"sli sli-heart\"><\/i><span class=\"ht-product-action-tooltip\">Product added!<\/span><\/a><\/div><\/div><\/li>                                    \n                                                    <\/ul>\n                    <\/div>\n                <\/div>             \n            <\/div>\n            <!--Product End-->\n            \n                    <!--Product Start-->\n            <div class=\"ht-product ht-col-lg-6 ht-col-md-6 ht-col-sm-6 ht-col-xs-12\">\n                <div class=\"wl_single-product-item wl_left-item\">\n                    <a href=\"https:\/\/zeldda.com\/fr\/shop\/195850\/925-sterling-silver-i-love-you-key-necklace-with-discreet-customized-keepsake-image-in-peephole-projection\/\" class=\"product-thumbnail\">\n                        <div class=\"images\">\n                            <img loading=\"lazy\" decoding=\"async\" width=\"247\" height=\"296\" src=\"https:\/\/zeldda.com\/wp-content\/uploads\/2024\/09\/iloveyoukey1-2-247x296.png\" class=\"attachment-woocommerce_thumbnail size-woocommerce_thumbnail\" alt=\"\" \/>                        <\/div>\n                    <\/a>\n                    <div class=\"product-content\">\n                        <div class=\"product-content-top\">\n                            <h6 class=\"title\"><a href=\"https:\/\/zeldda.com\/fr\/shop\/195850\/925-sterling-silver-i-love-you-key-necklace-with-discreet-customized-keepsake-image-in-peephole-projection\/\">Collier cl\u00e9 Je t\u2019aime en argent 925 sterling avec image souvenir discr\u00e8te et personnalis\u00e9e en projection de judas.<\/a><\/h6>\n                            <div class=\"product-price\">\n                                <span class=\"new-price\">\n\t<span class=\"price\"><span class=\"woocommerce-Price-amount amount\"><bdi><span class=\"woocommerce-Price-currencySymbol\">&#36;<\/span>47.75<\/bdi><\/span><\/span>\n<\/span>\n                            <\/div>\n                                                        <p> <\/p>\n                            <div class=\"reading\">\n                                                            <\/div>\n                        <\/div>\n                        <ul class=\"action\">\n                            <li class=\"wl_cart\">\n                                <a href=\"https:\/\/zeldda.com\/fr\/shop\/195850\/925-sterling-silver-i-love-you-key-necklace-with-discreet-customized-keepsake-image-in-peephole-projection\/\" data-quantity=\"1\" class=\"action-item  add_to_cart_button\" data-product_id=\"195850\"><i aria-hidden=\"true\" class=\"fa fa-shopping-cart\"><\/i><\/a>\n                            <\/li>\n                            <li><div class=\"tooltip_no wishlist button-default yith-wcwl-add-to-wishlist add-to-wishlist-195850\"><div class=\"yith-wcwl-add-button show\"><a href=\"https:\/\/zeldda.com\/fr\/wishlist\/\" data-product-id=\"195850\" data-product-type=\"variable\" class=\"add_to_wishlist\" aria-label=\"Wishlist\" rel=\"nofollow\"><i class=\"sli sli-heart\"><\/i><span class=\"ht-product-action-tooltip\">Add to wishlist<\/span><\/a><i class=\"fa fa-spinner fa-pulse ajax-loading\" style=\"visibility:hidden\"><\/i><\/div><div class=\"yith-wcwl-wishlistaddedbrowse hide\" style=\"display:none;\"><a class=\"\" href=\"https:\/\/zeldda.com\/fr\/wishlist\/\" aria-label=\"Wishlist\" rel=\"nofollow\"><i class=\"sli sli-heart\"><\/i><span class=\"ht-product-action-tooltip\">Browse wishlist<\/span><\/a><\/div><div class=\"yith-wcwl-wishlistexistsbrowse hide\" style=\"display:none\"><a href=\"https:\/\/zeldda.com\/fr\/wishlist\/\" class=\"\" aria-label=\"Wishlist\" rel=\"nofollow\"><i class=\"sli sli-heart\"><\/i><span class=\"ht-product-action-tooltip\">Product added!<\/span><\/a><\/div><\/div><\/li>                                    \n                                                    <\/ul>\n                    <\/div>\n                <\/div>             \n            <\/div>\n            <!--Product End-->\n                    <\/div>\n               \n        \t\t\t\t<\/div>\n\t\t\t\t<\/div>\n\t\t\t\t<\/div>\n\t\t\t\t\t<\/div>\n\t\t\t\t<\/div>\n\t\t\t\t<\/div>","protected":false},"excerpt":{"rendered":"<p>Peephole Products 925 Sterling Silver Snowflake necklace with discreet customized keepsake image in peephole projection. $39.95 Add to wishlistBrowse wishlistProduct added! Simple braided bracelet with discreet customized keepsake image in peephole projection. $12.75 Add to wishlistBrowse wishlistProduct added! Handmade adjustable braided rope bracelet with discreet customized keepsake image in peephole projection. $17.45 Add to wishlistBrowse [&hellip;]<\/p>","protected":false},"author":1,"featured_media":0,"parent":0,"menu_order":0,"comment_status":"closed","ping_status":"open","template":"","meta":{"_acf_changed":false,"ocean_post_layout":"","ocean_both_sidebars_style":"","ocean_both_sidebars_content_width":0,"ocean_both_sidebars_sidebars_width":0,"ocean_sidebar":"0","ocean_second_sidebar":"0","ocean_disable_margins":"enable","ocean_add_body_class":"","ocean_shortcode_before_top_bar":"","ocean_shortcode_after_top_bar":"","ocean_shortcode_before_header":"","ocean_shortcode_after_header":"","ocean_has_shortcode":"","ocean_shortcode_after_title":"","ocean_shortcode_before_footer_widgets":"","ocean_shortcode_after_footer_widgets":"","ocean_shortcode_before_footer_bottom":"","ocean_shortcode_after_footer_bottom":"","ocean_display_top_bar":"default","ocean_display_header":"default","ocean_header_style":"","ocean_center_header_left_menu":"0","ocean_custom_header_template":"0","ocean_custom_logo":0,"ocean_custom_retina_logo":0,"ocean_custom_logo_max_width":0,"ocean_custom_logo_tablet_max_width":0,"ocean_custom_logo_mobile_max_width":0,"ocean_custom_logo_max_height":0,"ocean_custom_logo_tablet_max_height":0,"ocean_custom_logo_mobile_max_height":0,"ocean_header_custom_menu":"0","ocean_menu_typo_font_family":"0","ocean_menu_typo_font_subset":"","ocean_menu_typo_font_size":0,"ocean_menu_typo_font_size_tablet":0,"ocean_menu_typo_font_size_mobile":0,"ocean_menu_typo_font_size_unit":"px","ocean_menu_typo_font_weight":"","ocean_menu_typo_font_weight_tablet":"","ocean_menu_typo_font_weight_mobile":"","ocean_menu_typo_transform":"","ocean_menu_typo_transform_tablet":"","ocean_menu_typo_transform_mobile":"","ocean_menu_typo_line_height":0,"ocean_menu_typo_line_height_tablet":0,"ocean_menu_typo_line_height_mobile":0,"ocean_menu_typo_line_height_unit":"","ocean_menu_typo_spacing":0,"ocean_menu_typo_spacing_tablet":0,"ocean_menu_typo_spacing_mobile":0,"ocean_menu_typo_spacing_unit":"","ocean_menu_link_color":"","ocean_menu_link_color_hover":"","ocean_menu_link_color_active":"","ocean_menu_link_background":"","ocean_menu_link_hover_background":"","ocean_menu_link_active_background":"","ocean_menu_social_links_bg":"","ocean_menu_social_hover_links_bg":"","ocean_menu_social_links_color":"","ocean_menu_social_hover_links_color":"","ocean_disable_title":"default","ocean_disable_heading":"default","ocean_post_title":"","ocean_post_subheading":"","ocean_post_title_style":"","ocean_post_title_background_color":"","ocean_post_title_background":0,"ocean_post_title_bg_image_position":"","ocean_post_title_bg_image_attachment":"","ocean_post_title_bg_image_repeat":"","ocean_post_title_bg_image_size":"","ocean_post_title_height":0,"ocean_post_title_bg_overlay":0.5,"ocean_post_title_bg_overlay_color":"","ocean_disable_breadcrumbs":"default","ocean_breadcrumbs_color":"","ocean_breadcrumbs_separator_color":"","ocean_breadcrumbs_links_color":"","ocean_breadcrumbs_links_hover_color":"","ocean_display_footer_widgets":"default","ocean_display_footer_bottom":"default","ocean_custom_footer_template":"0","footnotes":""},"class_list":["post-179409","page","type-page","status-publish","hentry","entry","has-media","owp-thumbs-layout-horizontal","owp-btn-normal","owp-tabs-layout-horizontal"],"acf":[],"_links":{"self":[{"href":"https:\/\/zeldda.com\/fr\/wp-json\/wp\/v2\/pages\/179409","targetHints":{"allow":["GET"]}}],"collection":[{"href":"https:\/\/zeldda.com\/fr\/wp-json\/wp\/v2\/pages"}],"about":[{"href":"https:\/\/zeldda.com\/fr\/wp-json\/wp\/v2\/types\/page"}],"author":[{"embeddable":true,"href":"https:\/\/zeldda.com\/fr\/wp-json\/wp\/v2\/users\/1"}],"replies":[{"embeddable":true,"href":"https:\/\/zeldda.com\/fr\/wp-json\/wp\/v2\/comments?post=179409"}],"version-history":[{"count":17,"href":"https:\/\/zeldda.com\/fr\/wp-json\/wp\/v2\/pages\/179409\/revisions"}],"predecessor-version":[{"id":197708,"href":"https:\/\/zeldda.com\/fr\/wp-json\/wp\/v2\/pages\/179409\/revisions\/197708"}],"wp:attachment":[{"href":"https:\/\/zeldda.com\/fr\/wp-json\/wp\/v2\/media?parent=179409"}],"curies":[{"name":"wp","href":"https:\/\/api.w.org\/{rel}","templated":true}]}}