{"id":195635,"date":"2024-11-15T22:33:31","date_gmt":"2024-11-15T22:33:31","guid":{"rendered":"https:\/\/zeldda.com\/product\/cross-border-amazon-pins-new-auspicious-lucky-red-rope-custom-bracelet-100-languages-projection-stone-couple-bracelet\/"},"modified":"2026-03-08T03:05:10","modified_gmt":"2026-03-08T03:05:10","slug":"simple-braided-bracelet-peephole","status":"publish","type":"product","link":"https:\/\/zeldda.com\/fr\/shop\/195635\/simple-braided-bracelet-peephole\/","title":{"rendered":"Bracelet tress\u00e9 simple avec image souvenir discr\u00e8te et personnalis\u00e9e en projection judas."},"content":{"rendered":"<div id=\"offer-template-0\">\n<ul>\n<li><strong>Material quality<\/strong> : The peephole of this link bracelet is made of high-quality stainless steel that is non-fading, non-allergenic and non-deformable (special reminder is the cylindrical model)<\/li>\n<li><strong>Unique Projection Bracelet<\/strong> : No matter the distance, you will always be able to carry your loved one with you. A beautiful bracelet for everything you love in life.<\/li>\n<li><strong>A mini image inside<\/strong> : Each bracelet has a personalized image inside. Look inside or use your phone&#8217;s camera to reveal the image. Cherish your beautiful memories and important moments with this bracelet.<\/li>\n<li><strong>Personalized Bracelet<\/strong> : The bracelet has a clear lens so you can see the photo of your choice inside the pendant or when exposed to light it can project your photo onto a wall.<\/li>\n<li><strong>Best Gift Choice<\/strong> : Our lovely bracelet is the best birthday, Christmas, Valentine&#8217;s Day gift for family, girlfriend, boyfriend, friend. This bracelet is an ideal gift to express your love for someone special.<\/li>\n<\/ul>\n<p>&nbsp;<\/p>\n<p><img fetchpriority=\"high\" decoding=\"async\" class=\"aligncenter wp-image-195649\" src=\"https:\/\/zeldda.com\/wp-content\/uploads\/2024\/11\/O1CN012SrOPG1eiztDDwlQY_4260193906-0-cib-1-1024x1024.jpg\" alt=\"\" width=\"800\" height=\"800\" srcset=\"https:\/\/zeldda.com\/wp-content\/uploads\/2024\/11\/O1CN012SrOPG1eiztDDwlQY_4260193906-0-cib-1-1024x1024.jpg 1024w, https:\/\/zeldda.com\/wp-content\/uploads\/2024\/11\/O1CN012SrOPG1eiztDDwlQY_4260193906-0-cib-1-300x300.jpg 300w, https:\/\/zeldda.com\/wp-content\/uploads\/2024\/11\/O1CN012SrOPG1eiztDDwlQY_4260193906-0-cib-1-150x150.jpg 150w, https:\/\/zeldda.com\/wp-content\/uploads\/2024\/11\/O1CN012SrOPG1eiztDDwlQY_4260193906-0-cib-1-768x768.jpg 768w, https:\/\/zeldda.com\/wp-content\/uploads\/2024\/11\/O1CN012SrOPG1eiztDDwlQY_4260193906-0-cib-1-12x12.jpg 12w, https:\/\/zeldda.com\/wp-content\/uploads\/2024\/11\/O1CN012SrOPG1eiztDDwlQY_4260193906-0-cib-1-600x600.jpg 600w, https:\/\/zeldda.com\/wp-content\/uploads\/2024\/11\/O1CN012SrOPG1eiztDDwlQY_4260193906-0-cib-1-510x510.jpg 510w, https:\/\/zeldda.com\/wp-content\/uploads\/2024\/11\/O1CN012SrOPG1eiztDDwlQY_4260193906-0-cib-1-100x100.jpg 100w, https:\/\/zeldda.com\/wp-content\/uploads\/2024\/11\/O1CN012SrOPG1eiztDDwlQY_4260193906-0-cib-1.jpg 1280w\" sizes=\"(max-width: 800px) 100vw, 800px\" \/><\/p>\n<\/div>\n<p><img decoding=\"async\" class=\"aligncenter wp-image-195650\" src=\"https:\/\/zeldda.com\/wp-content\/uploads\/2024\/11\/O1CN014yrcac1Bs2x54HME4_0-0-cib-1-300x300.jpg\" alt=\"\" width=\"800\" height=\"800\" srcset=\"https:\/\/zeldda.com\/wp-content\/uploads\/2024\/11\/O1CN014yrcac1Bs2x54HME4_0-0-cib-1-300x300.jpg 300w, https:\/\/zeldda.com\/wp-content\/uploads\/2024\/11\/O1CN014yrcac1Bs2x54HME4_0-0-cib-1-150x150.jpg 150w, https:\/\/zeldda.com\/wp-content\/uploads\/2024\/11\/O1CN014yrcac1Bs2x54HME4_0-0-cib-1-768x768.jpg 768w, https:\/\/zeldda.com\/wp-content\/uploads\/2024\/11\/O1CN014yrcac1Bs2x54HME4_0-0-cib-1-12x12.jpg 12w, https:\/\/zeldda.com\/wp-content\/uploads\/2024\/11\/O1CN014yrcac1Bs2x54HME4_0-0-cib-1-600x600.jpg 600w, https:\/\/zeldda.com\/wp-content\/uploads\/2024\/11\/O1CN014yrcac1Bs2x54HME4_0-0-cib-1-510x510.jpg 510w, https:\/\/zeldda.com\/wp-content\/uploads\/2024\/11\/O1CN014yrcac1Bs2x54HME4_0-0-cib-1-100x100.jpg 100w, https:\/\/zeldda.com\/wp-content\/uploads\/2024\/11\/O1CN014yrcac1Bs2x54HME4_0-0-cib-1.jpg 800w\" sizes=\"(max-width: 800px) 100vw, 800px\" \/><\/p>\n<p><img decoding=\"async\" class=\"aligncenter wp-image-195642\" src=\"https:\/\/zeldda.com\/wp-content\/uploads\/2024\/11\/O1CN015cQhYP1eiztDicUF9_4260193906-0-cib-300x300.jpg\" alt=\"\" width=\"800\" height=\"800\" srcset=\"https:\/\/zeldda.com\/wp-content\/uploads\/2024\/11\/O1CN015cQhYP1eiztDicUF9_4260193906-0-cib-300x300.jpg 300w, https:\/\/zeldda.com\/wp-content\/uploads\/2024\/11\/O1CN015cQhYP1eiztDicUF9_4260193906-0-cib-150x150.jpg 150w, https:\/\/zeldda.com\/wp-content\/uploads\/2024\/11\/O1CN015cQhYP1eiztDicUF9_4260193906-0-cib-768x768.jpg 768w, https:\/\/zeldda.com\/wp-content\/uploads\/2024\/11\/O1CN015cQhYP1eiztDicUF9_4260193906-0-cib-12x12.jpg 12w, https:\/\/zeldda.com\/wp-content\/uploads\/2024\/11\/O1CN015cQhYP1eiztDicUF9_4260193906-0-cib-600x600.jpg 600w, https:\/\/zeldda.com\/wp-content\/uploads\/2024\/11\/O1CN015cQhYP1eiztDicUF9_4260193906-0-cib-510x510.jpg 510w, https:\/\/zeldda.com\/wp-content\/uploads\/2024\/11\/O1CN015cQhYP1eiztDicUF9_4260193906-0-cib-100x100.jpg 100w, https:\/\/zeldda.com\/wp-content\/uploads\/2024\/11\/O1CN015cQhYP1eiztDicUF9_4260193906-0-cib.jpg 800w\" sizes=\"(max-width: 800px) 100vw, 800px\" \/><\/p>\n<p>&nbsp;<\/p>\n<p><img loading=\"lazy\" decoding=\"async\" class=\"aligncenter wp-image-179556 size-full\" src=\"https:\/\/zeldda.com\/wp-content\/uploads\/2023\/12\/braided-bracelet4.png\" alt=\"\" width=\"800\" height=\"692\" srcset=\"https:\/\/zeldda.com\/wp-content\/uploads\/2023\/12\/braided-bracelet4.png 800w, https:\/\/zeldda.com\/wp-content\/uploads\/2023\/12\/braided-bracelet4-510x441.png 510w, https:\/\/zeldda.com\/wp-content\/uploads\/2023\/12\/braided-bracelet4-300x260.png 300w, https:\/\/zeldda.com\/wp-content\/uploads\/2023\/12\/braided-bracelet4-768x664.png 768w\" sizes=\"(max-width: 800px) 100vw, 800px\" \/><\/p>\n<p>&nbsp;<\/p>\n<p><img loading=\"lazy\" decoding=\"async\" class=\"aligncenter wp-image-179554 size-full\" src=\"https:\/\/zeldda.com\/wp-content\/uploads\/2023\/12\/braided-bracelet2.png\" alt=\"\" width=\"800\" height=\"823\" srcset=\"https:\/\/zeldda.com\/wp-content\/uploads\/2023\/12\/braided-bracelet2.png 800w, https:\/\/zeldda.com\/wp-content\/uploads\/2023\/12\/braided-bracelet2-510x525.png 510w, https:\/\/zeldda.com\/wp-content\/uploads\/2023\/12\/braided-bracelet2-292x300.png 292w, https:\/\/zeldda.com\/wp-content\/uploads\/2023\/12\/braided-bracelet2-768x790.png 768w\" sizes=\"(max-width: 800px) 100vw, 800px\" \/><\/p>\n<p><img loading=\"lazy\" decoding=\"async\" class=\"aligncenter wp-image-179557 size-full\" src=\"https:\/\/zeldda.com\/wp-content\/uploads\/2023\/12\/braided-bracelet5.png\" alt=\"\" width=\"800\" height=\"800\" srcset=\"https:\/\/zeldda.com\/wp-content\/uploads\/2023\/12\/braided-bracelet5.png 800w, https:\/\/zeldda.com\/wp-content\/uploads\/2023\/12\/braided-bracelet5-100x100.png 100w, https:\/\/zeldda.com\/wp-content\/uploads\/2023\/12\/braided-bracelet5-510x510.png 510w, https:\/\/zeldda.com\/wp-content\/uploads\/2023\/12\/braided-bracelet5-300x300.png 300w, https:\/\/zeldda.com\/wp-content\/uploads\/2023\/12\/braided-bracelet5-150x150.png 150w, https:\/\/zeldda.com\/wp-content\/uploads\/2023\/12\/braided-bracelet5-768x768.png 768w\" sizes=\"(max-width: 800px) 100vw, 800px\" \/><\/p>\n<p>&nbsp;<\/p>\n<p>&nbsp;<\/p>\n<p>&nbsp;<\/p>","protected":false},"excerpt":{"rendered":"<p>Material quality : The peephole of this link bracelet is made of high-quality stainless steel that is non-fading, non-allergenic and non-deformable (special reminder is the cylindrical model) Unique Projection Bracelet : No matter the distance, you will always be able to carry your loved one with you. A beautiful bracelet for everything you love in [&hellip;]<\/p>","protected":false},"featured_media":195619,"comment_status":"open","ping_status":"closed","template":"","meta":{"_acf_changed":false,"ocean_post_layout":"","ocean_both_sidebars_style":"","ocean_both_sidebars_content_width":0,"ocean_both_sidebars_sidebars_width":0,"ocean_sidebar":"0","ocean_second_sidebar":"0","ocean_disable_margins":"enable","ocean_add_body_class":"","ocean_shortcode_before_top_bar":"","ocean_shortcode_after_top_bar":"","ocean_shortcode_before_header":"","ocean_shortcode_after_header":"","ocean_has_shortcode":"","ocean_shortcode_after_title":"","ocean_shortcode_before_footer_widgets":"","ocean_shortcode_after_footer_widgets":"","ocean_shortcode_before_footer_bottom":"","ocean_shortcode_after_footer_bottom":"","ocean_display_top_bar":"default","ocean_display_header":"default","ocean_header_style":"","ocean_center_header_left_menu":"0","ocean_custom_header_template":"0","ocean_custom_logo":0,"ocean_custom_retina_logo":0,"ocean_custom_logo_max_width":0,"ocean_custom_logo_tablet_max_width":0,"ocean_custom_logo_mobile_max_width":0,"ocean_custom_logo_max_height":0,"ocean_custom_logo_tablet_max_height":0,"ocean_custom_logo_mobile_max_height":0,"ocean_header_custom_menu":"0","ocean_menu_typo_font_family":"0","ocean_menu_typo_font_subset":"","ocean_menu_typo_font_size":0,"ocean_menu_typo_font_size_tablet":0,"ocean_menu_typo_font_size_mobile":0,"ocean_menu_typo_font_size_unit":"px","ocean_menu_typo_font_weight":"","ocean_menu_typo_font_weight_tablet":"","ocean_menu_typo_font_weight_mobile":"","ocean_menu_typo_transform":"","ocean_menu_typo_transform_tablet":"","ocean_menu_typo_transform_mobile":"","ocean_menu_typo_line_height":0,"ocean_menu_typo_line_height_tablet":0,"ocean_menu_typo_line_height_mobile":0,"ocean_menu_typo_line_height_unit":"","ocean_menu_typo_spacing":0,"ocean_menu_typo_spacing_tablet":0,"ocean_menu_typo_spacing_mobile":0,"ocean_menu_typo_spacing_unit":"","ocean_menu_link_color":"","ocean_menu_link_color_hover":"","ocean_menu_link_color_active":"","ocean_menu_link_background":"","ocean_menu_link_hover_background":"","ocean_menu_link_active_background":"","ocean_menu_social_links_bg":"","ocean_menu_social_hover_links_bg":"","ocean_menu_social_links_color":"","ocean_menu_social_hover_links_color":"","ocean_disable_title":"default","ocean_disable_heading":"default","ocean_post_title":"","ocean_post_subheading":"","ocean_post_title_style":"","ocean_post_title_background_color":"","ocean_post_title_background":0,"ocean_post_title_bg_image_position":"","ocean_post_title_bg_image_attachment":"","ocean_post_title_bg_image_repeat":"","ocean_post_title_bg_image_size":"","ocean_post_title_height":0,"ocean_post_title_bg_overlay":0.5,"ocean_post_title_bg_overlay_color":"","ocean_disable_breadcrumbs":"default","ocean_breadcrumbs_color":"","ocean_breadcrumbs_separator_color":"","ocean_breadcrumbs_links_color":"","ocean_breadcrumbs_links_hover_color":"","ocean_display_footer_widgets":"default","ocean_display_footer_bottom":"default","ocean_custom_footer_template":"0"},"product_cat":[18,17],"product_tag":[],"class_list":{"0":"post-195635","1":"product","2":"type-product","3":"status-publish","4":"has-post-thumbnail","6":"product_cat-peephole-bracelet","7":"product_cat-peephole-photo-jewelry","8":"product_shipping_class-supdropshipping","10":"entry","11":"has-media","13":"first","14":"instock","15":"shipping-taxable","16":"purchasable","17":"product-type-variable","18":"col","19":"span_1_of_3","20":"owp-content-center","21":"owp-thumbs-layout-horizontal","22":"owp-btn-normal","23":"owp-tabs-layout-horizontal"},"acf":[],"_links":{"self":[{"href":"https:\/\/zeldda.com\/fr\/wp-json\/wp\/v2\/product\/195635","targetHints":{"allow":["GET"]}}],"collection":[{"href":"https:\/\/zeldda.com\/fr\/wp-json\/wp\/v2\/product"}],"about":[{"href":"https:\/\/zeldda.com\/fr\/wp-json\/wp\/v2\/types\/product"}],"replies":[{"embeddable":true,"href":"https:\/\/zeldda.com\/fr\/wp-json\/wp\/v2\/comments?post=195635"}],"wp:featuredmedia":[{"embeddable":true,"href":"https:\/\/zeldda.com\/fr\/wp-json\/wp\/v2\/media\/195619"}],"wp:attachment":[{"href":"https:\/\/zeldda.com\/fr\/wp-json\/wp\/v2\/media?parent=195635"}],"wp:term":[{"taxonomy":"product_cat","embeddable":true,"href":"https:\/\/zeldda.com\/fr\/wp-json\/wp\/v2\/product_cat?post=195635"},{"taxonomy":"product_tag","embeddable":true,"href":"https:\/\/zeldda.com\/fr\/wp-json\/wp\/v2\/product_tag?post=195635"}],"curies":[{"name":"wp","href":"https:\/\/api.w.org\/{rel}","templated":true}]}}